{"id":1253,"date":"2020-05-19T14:04:52","date_gmt":"2020-05-19T14:04:52","guid":{"rendered":"http:\/\/feuillederable.com\/emplois\/"},"modified":"2020-06-30T08:13:10","modified_gmt":"2020-06-30T13:13:10","slug":"careers","status":"publish","type":"page","link":"https:\/\/feuillederable.com\/en\/careers\/","title":{"rendered":"Careers"},"content":{"rendered":"<p>[vc_row css_animation=&#8221;&#8221; row_type=&#8221;row&#8221; use_row_as_full_screen_section=&#8221;no&#8221; type=&#8221;full_width&#8221; angled_section=&#8221;no&#8221; text_align=&#8221;left&#8221; background_image_as_pattern=&#8221;without_pattern&#8221; css=&#8221;.vc_custom_1592403329055{padding-top: 100px !important;padding-bottom: 160px !important;background-image: url(https:\/\/feuillederable.com\/wp-content\/uploads\/2020\/05\/title-page-1.jpg?id=631) !important;background-position: center !important;background-repeat: no-repeat !important;background-size: cover !important;}&#8221; z_index=&#8221;&#8221; background_image=&#8221;1368&#8243; padding_top=&#8221;100&#8243; padding_bottom=&#8221;160&#8243;][vc_column][\/vc_column][\/vc_row][vc_row css_animation=&#8221;&#8221; row_type=&#8221;row&#8221; use_row_as_full_screen_section=&#8221;no&#8221; type=&#8221;grid&#8221; angled_section=&#8221;no&#8221; text_align=&#8221;left&#8221; background_image_as_pattern=&#8221;without_pattern&#8221; z_index=&#8221;&#8221; css=&#8221;.vc_custom_1589325511107{padding-top: 75px !important;padding-bottom: 75px !important;background-color: #ffffff !important;}&#8221; el_class=&#8221;custom_holder_with_spaces&#8221;][vc_column][vc_column_text]<\/p>\n<h2 style=\"text-align: left;\">EMPLOIS<\/h2>\n<p>[\/vc_column_text][vc_separator type=&#8221;transparent&#8221; up=&#8221;10&#8243; down=&#8221;10&#8243;][vc_column_text]Feuille d&#8217;\u00c9rable est constamment \u00e0 la recherche de candidats motiv\u00e9s et travaillants pour joindre son \u00e9quipe de charbonniers. La formation offerte sur place vous dotera de toutes les comp\u00e9tences pour devenir un fier charbonnier![\/vc_column_text][vc_separator type=&#8221;transparent&#8221; up=&#8221;15&#8243; down=&#8221;15&#8243;]<div class=\"qode-accordion-holder clearfix qode-accordion qode-initial \">\n\t<h4 class=\"clearfix qode-title-holder\">\n<span class=\"qode-tab-title\">\n\t    <span class=\"qode-tab-title-inner\">\n        CHARBONNIER-ENSACHEUR    <\/span>\n<\/span>\n<span class=\"qode-accordion-mark\">\n    <span class=\"qode-accordion-mark-icon\">\n        <span class=\"icon_plus\"><\/span>\n        <span class=\"icon_minus-06\"><\/span>\n    <\/span>\n<\/span>\n<\/h4>\n<div id = CHARBONNIER-ENSACHEUR class=\"qode-accordion-content \" >\n    <div class=\"qode-accordion-content-inner\">\n        [vc_column_text]Le titulaire du poste a comme principales t\u00e2ches et responsabilit\u00e9s d\u2019ensacher le charbon de bois et la briquette de charbon, ainsi que de pr\u00e9parer les palettes pour l\u2019exp\u00e9dition. Bienvenue aux \u00e9tudiants et aux retrait\u00e9s!<\/p>\n<p>LIEU DE TRAVAIL : 168 Rang Sainte-Anne Nord, Sainte-Christine-d\u2019Auvergne QC, G0A 1A0<\/p>\n<p>Feuille d\u2019\u00c9rable est sp\u00e9cialis\u00e9 dans la fabrication de charbon de bois, de briquettes et bois de chauffage. Fond\u00e9 en 1955, l\u2019entreprise s\u2019est toujours assur\u00e9e d\u2019offrir une qualit\u00e9 de produit exceptionnelle \u00e0 sa client\u00e8le. Nous valorisons au maximum les r\u00e9sidus de la biomasse foresti\u00e8re et nous utilisons les ressources de mani\u00e8re responsable afin que notre impact soit le plus positif possible sur l\u2019environnement. Nous sommes une \u00e9quipe dynamique, ayant \u00e0 c\u0153ur le respect, l\u2019int\u00e9grit\u00e9 et l\u2019innovation. Nous cherchons des employ\u00e9s qui ont envie de participer avec nous au progr\u00e8s technique et scientifique de nos projets d\u2019am\u00e9lioration et d\u2019innovation, en mettant \u00e0 profit leurs forces et leurs comp\u00e9tences.[\/vc_column_text][vc_separator type=&#8221;normal&#8221; up=&#8221;10&#8243; down=&#8221;10&#8243;][vc_column_text]<strong>PRINCIPALES FONCTIONS :<\/strong><br \/>\n\u2013 V\u00e9rifier la qualit\u00e9 des produits \u00e0 ensacher selon les standards de l\u2019entreprise<br \/>\n\u2013 Proc\u00e9der au remplissage des sacs en respectant les crit\u00e8res \u00e9tablis (poids, propret\u00e9, etc.)<br \/>\n\u2013 Coudre les sacs<br \/>\n\u2013 Empiler les sacs sur les palettes selon la proc\u00e9dure<br \/>\n\u2013 Entretenir les aires de travail afin de respecter les normes de propret\u00e9 et de s\u00e9curit\u00e9<br \/>\n\u2013 Appliquer les r\u00e8gles de s\u00e9curit\u00e9 et s\u2019assurer que les lieux de travail respectent les normes de sant\u00e9 et s\u00e9curit\u00e9<br \/>\n\u2013 Veiller \u00e0 la r\u00e9cup\u00e9ration de la poussi\u00e8re de charbon afin d\u2019en produire des produits d\u00e9riv\u00e9s<br \/>\n\u2013 Faire un suivi imm\u00e9diat \u00e0 son sup\u00e9rieur pour tout ce qui pourrait compromettre la sant\u00e9 et s\u00e9curit\u00e9 de l\u2019\u00e9quipe de m\u00eame que la qualit\u00e9 de la production<br \/>\n\u2013 Effectuer des t\u00e2ches d\u2019entretien des v\u00e9hicules et des \u00e9quipements utilis\u00e9s tel que demand\u00e9 (moulin \u00e0 coudre, v\u00e9hicules, etc.)[\/vc_column_text][vc_separator type=&#8221;normal&#8221; up=&#8221;10&#8243; down=&#8221;10&#8243;][vc_column_text]<strong>PROFIL RECHERCH\u00c9 :<\/strong><br \/>\n\u2013 Habilet\u00e9s manuelles<br \/>\n\u2013 Capacit\u00e9 \u00e0 suivre des proc\u00e9dures pr\u00e9cises et \u00e0 appliquer les normes de s\u00e9curit\u00e9<br \/>\n\u2013 Sens de l\u2019organisation et des responsabilit\u00e9s<br \/>\n\u2013 Esprit d\u2019\u00e9quipe<br \/>\n\u2013 Motiv\u00e9 par les d\u00e9fis[\/vc_column_text][vc_separator type=&#8221;normal&#8221; up=&#8221;10&#8243; down=&#8221;10&#8243;][vc_column_text]<strong>CONDITIONS DE TRAVAIL :<\/strong><br \/>\n\u2013 Salaire offert : \u00e0 discuter<br \/>\n\u2013 Formation sur place<br \/>\n\u2013 Poste permanent, entre 20h et 40h par semaine, de jour, sur semaine.<br \/>\n\u2013 \u00c9quipe dynamique[\/vc_column_text][vc_separator type=&#8221;normal&#8221; up=&#8221;10&#8243; down=&#8221;10&#8243;][vc_separator type=&#8221;normal&#8221; up=&#8221;15&#8243; down=&#8221;15&#8243;]\n\n\t<a href=\"mailto:mrobitaille@feuillederable.com\" target=\"_self\" style=\"color: #ffffff;background-color: #e1251b;font-family: Oswald;font-size: 20px;font-weight: 900;text-transform: uppercase;font-style: normal\" class=\"qode-btn qode-btn-medium qode-btn-solid qode-btn-custom-hover-bg qode-btn-custom-hover-color bouton-charbon-default qode-btn-default-hover\" data-hover-bg-color=\"#1e1e1e\" data-hover-color=\"#ffffff\" >\n\t    <span class=\"qode-btn-text\">POSTULEZ<\/span>\t<\/a>\n\n[vc_separator type=&#8221;transparent&#8221; up=&#8221;15&#8243; down=&#8221;15&#8243;]    <\/div>\n<\/div><\/div><div class=\"qode-accordion-holder clearfix qode-toggle qode-initial \">\n\t<h4 class=\"clearfix qode-title-holder\">\n<span class=\"qode-tab-title\">\n\t    <span class=\"qode-tab-title-inner\">\n        PR\u00c9POS\u00c9 \u00c0 L&#039;ENSACHAGE DE BOIS    <\/span>\n<\/span>\n<span class=\"qode-accordion-mark\">\n    <span class=\"qode-accordion-mark-icon\">\n        <span class=\"icon_plus\"><\/span>\n        <span class=\"icon_minus-06\"><\/span>\n    <\/span>\n<\/span>\n<\/h4>\n<div id = PR\u00c9POS\u00c9 \u00c0 L&#039;ENSACHAGE DE BOIS class=\"qode-accordion-content \" >\n    <div class=\"qode-accordion-content-inner\">\n        [vc_column_text]Le titulaire du poste a comme principales t\u00e2ches et responsabilit\u00e9s de remplir les sacs de bois et de veiller \u00e0 la qualit\u00e9 de l\u2019emballage tant au niveau de la quantit\u00e9 que de la propret\u00e9 des sacs et de leur entreposage. Il doit aussi porter attention \u00e0 l\u2019entretien des \u00e9quipements utilis\u00e9s et porter les \u00e9quipements de s\u00e9curit\u00e9s n\u00e9cessaires. Bienvenue aux \u00e9tudiants et aux retrait\u00e9s!<\/p>\n<p><strong>LIEU DE TRAVAIL<\/strong>\u00a0: 168 Rang Sainte-Anne Nord, Sainte-Christine-d\u2019Auvergne QC, G0A 1A0<\/p>\n<p><em><strong>Feuille d\u2019\u00c9rable<\/strong><\/em>\u00a0est sp\u00e9cialis\u00e9 dans la fabrication de charbon de bois, de briquettes et bois de chauffage. Fond\u00e9 en 1955, l\u2019entreprise s\u2019est toujours assur\u00e9e d\u2019offrir une qualit\u00e9 de produit exceptionnelle \u00e0 sa client\u00e8le. Nous valorisons au maximum les r\u00e9sidus de la biomasse foresti\u00e8re et nous utilisons les ressources de mani\u00e8re responsable afin que notre impact soit le plus positif possible sur l\u2019environnement. Nous sommes une \u00e9quipe dynamique, ayant \u00e0 c\u0153ur le respect, l\u2019int\u00e9grit\u00e9 et l\u2019innovation. Nous cherchons des employ\u00e9s qui ont envie de participer avec nous au progr\u00e8s technique et scientifique de nos projets d\u2019am\u00e9lioration et d\u2019innovation, en mettant \u00e0 profit leurs forces et leurs comp\u00e9tences.[\/vc_column_text][vc_separator type=&#8221;normal&#8221; up=&#8221;10&#8243; down=&#8221;10&#8243;][vc_column_text]<strong>PRINCIPALES FONCTIONS :<\/strong><br \/>\n\u2013 V\u00e9rifier la qualit\u00e9 des produits \u00e0 ensacher selon les standards de l\u2019entreprise<br \/>\n\u2013 Proc\u00e9der au remplissage des sacs en respectant les crit\u00e8res \u00e9tablis (poids, propret\u00e9, etc.)<br \/>\n\u2013 Sceller les sacs de bois<br \/>\n\u2013 Empiler les sacs sur les palettes selon la proc\u00e9dure<br \/>\n\u2013 Entretenir les aires de travail afin de respecter les normes de propret\u00e9 et de s\u00e9curit\u00e9<br \/>\n\u2013 Appliquer les r\u00e8gles de s\u00e9curit\u00e9 et s\u2019assurer que les lieux de travail respectent les normes de sant\u00e9 et s\u00e9curit\u00e9<br \/>\n\u2013 Faire un suivi imm\u00e9diat \u00e0 son sup\u00e9rieur pour tout ce qui pourrait compromettre la sant\u00e9 et s\u00e9curit\u00e9 de l\u2019\u00e9quipe de m\u00eame que la qualit\u00e9 de la production.[\/vc_column_text][vc_separator type=&#8221;normal&#8221; up=&#8221;10&#8243; down=&#8221;10&#8243;][vc_column_text]<strong>PROFIL RECHERCH\u00c9 :<\/strong><br \/>\n\u2013 Habilet\u00e9s manuelles<br \/>\n\u2013 Capacit\u00e9 \u00e0 suivre des proc\u00e9dures pr\u00e9cises et \u00e0 appliquer les normes de s\u00e9curit\u00e9<br \/>\n\u2013 Sens de l\u2019organisation et des responsabilit\u00e9s<br \/>\n\u2013 Esprit d\u2019\u00e9quipe<br \/>\n\u2013 Motiv\u00e9 par les d\u00e9fis[\/vc_column_text][vc_separator type=&#8221;normal&#8221; up=&#8221;10&#8243; down=&#8221;10&#8243;][vc_column_text]<strong>CONDITIONS DE TRAVAIL :<\/strong><br \/>\n\u2013 Salaire offert : \u00e0 discuter<br \/>\n\u2013 Formation sur place<br \/>\n\u2013 Poste temporaire, entre 20h et 40h semaine, de jour, sur semaine<br \/>\n\u2013 \u00c9quipe dynamique[\/vc_column_text][vc_separator type=&#8221;normal&#8221; up=&#8221;15&#8243; down=&#8221;15&#8243;]\n\n\t<a href=\"mailto:mrobitaille@feuillederable.com\" target=\"_self\" style=\"color: #ffffff;background-color: #e1251b;font-family: Oswald;font-size: 20px;font-weight: 900;text-transform: uppercase;font-style: normal\" class=\"qode-btn qode-btn-medium qode-btn-solid qode-btn-custom-hover-bg qode-btn-custom-hover-color bouton-charbon-default qode-btn-default-hover\" data-hover-bg-color=\"#1e1e1e\" data-hover-color=\"#ffffff\" >\n\t    <span class=\"qode-btn-text\">POSTULEZ<\/span>\t<\/a>\n\n[vc_separator type=&#8221;transparent&#8221; up=&#8221;15&#8243; down=&#8221;15&#8243;]    <\/div>\n<\/div><\/div>[\/vc_column][\/vc_row][vc_row css_animation=&#8221;&#8221; row_type=&#8221;row&#8221; use_row_as_full_screen_section=&#8221;no&#8221; type=&#8221;full_width&#8221; angled_section=&#8221;no&#8221; text_align=&#8221;left&#8221; background_image_as_pattern=&#8221;without_pattern&#8221; z_index=&#8221;&#8221; css=&#8221;.vc_custom_1592846732647{margin-top: 0px !important;margin-bottom: 0px !important;padding-top: 0px !important;padding-bottom: 0px !important;background-color: #0a0a0a !important;}&#8221;][vc_column css=&#8221;.vc_custom_1588806288204{margin-top: 0px !important;margin-bottom: 0px !important;}&#8221;][qode_elements_holder number_of_columns=&#8221;three_columns&#8221;][qode_elements_holder_item vertical_alignment=&#8221;middle&#8221; advanced_animations=&#8221;no&#8221; item_padding=&#8221;0px&#8221;][vc_single_image image=&#8221;1688&#8243; img_size=&#8221;full&#8221; alignment=&#8221;center&#8221; qode_css_animation=&#8221;&#8221; css=&#8221;.vc_custom_1592846726249{margin-top: 0px !important;margin-bottom: 0px !important;}&#8221;][\/qode_elements_holder_item][\/qode_elements_holder][\/vc_column][\/vc_row]<\/p>\n","protected":false},"excerpt":{"rendered":"<p>[vc_row css_animation=&#8221;&#8221; row_type=&#8221;row&#8221; use_row_as_full_screen_section=&#8221;no&#8221; type=&#8221;full_width&#8221; angled_section=&#8221;no&#8221; text_align=&#8221;left&#8221; background_image_as_pattern=&#8221;without_pattern&#8221; css=&#8221;.vc_custom_1592403329055{padding-top: 100px !important;padding-bottom: 160px !important;background-image: url(https:\/\/feuillederable.com\/wp-content\/uploads\/2020\/05\/title-page-1.jpg?id=631) !important;background-position: center !important;background-repeat: no-repeat !important;background-size: cover !important;}&#8221; z_index=&#8221;&#8221; background_image=&#8221;1368&#8243; padding_top=&#8221;100&#8243; padding_bottom=&#8221;160&#8243;][vc_column][\/vc_column][\/vc_row][vc_row css_animation=&#8221;&#8221; row_type=&#8221;row&#8221; use_row_as_full_screen_section=&#8221;no&#8221; type=&#8221;grid&#8221; angled_section=&#8221;no&#8221; text_align=&#8221;left&#8221; background_image_as_pattern=&#8221;without_pattern&#8221; z_index=&#8221;&#8221; css=&#8221;.vc_custom_1589325511107{padding-top: 75px !important;padding-bottom: 75px !important;background-color: #ffffff !important;}&#8221; el_class=&#8221;custom_holder_with_spaces&#8221;][vc_column][vc_column_text] EMPLOIS [\/vc_column_text][vc_separator type=&#8221;transparent&#8221; up=&#8221;10&#8243;&#8230;<\/p>\n","protected":false},"author":5,"featured_media":0,"parent":0,"menu_order":0,"comment_status":"closed","ping_status":"closed","template":"full_width.php","meta":{"footnotes":""},"class_list":["post-1253","page","type-page","status-publish","hentry"],"yoast_head":"<!-- This site is optimized with the Yoast SEO plugin v24.7 - https:\/\/yoast.com\/wordpress\/plugins\/seo\/ -->\n<title>Careers - Feuille d&#039;\u00c9rable Charbonnerie Ancestrale<\/title>\n<meta name=\"description\" content=\"Be part of the Feuille d&#039;\u00c9rable coalmen team at Ste-Christine d&#039;Auvergne. Training offered on site. Several positions available.\" \/>\n<meta name=\"robots\" content=\"index, follow, max-snippet:-1, max-image-preview:large, max-video-preview:-1\" \/>\n<link rel=\"canonical\" href=\"https:\/\/feuillederable.com\/emplois\/\" \/>\n<meta property=\"og:locale\" content=\"en_US\" \/>\n<meta property=\"og:type\" content=\"article\" \/>\n<meta property=\"og:title\" content=\"Careers - Feuille d&#039;\u00c9rable Charbonnerie Ancestrale\" \/>\n<meta property=\"og:description\" content=\"Be part of the Feuille d&#039;\u00c9rable coalmen team at Ste-Christine d&#039;Auvergne. Training offered on site. Several positions available.\" \/>\n<meta property=\"og:url\" content=\"https:\/\/feuillederable.com\/emplois\/\" \/>\n<meta property=\"og:site_name\" content=\"Feuille d&#039;\u00c9rable Charbonnerie Ancestrale\" \/>\n<meta property=\"article:modified_time\" content=\"2020-06-30T13:13:10+00:00\" \/>\n<meta name=\"twitter:card\" content=\"summary_large_image\" \/>\n<meta name=\"twitter:label1\" content=\"Est. reading time\" \/>\n\t<meta name=\"twitter:data1\" content=\"7 minutes\" \/>\n<script type=\"application\/ld+json\" class=\"yoast-schema-graph\">{\"@context\":\"https:\/\/schema.org\",\"@graph\":[{\"@type\":\"WebPage\",\"@id\":\"https:\/\/feuillederable.com\/emplois\/\",\"url\":\"https:\/\/feuillederable.com\/emplois\/\",\"name\":\"Careers - Feuille d&#039;\u00c9rable Charbonnerie Ancestrale\",\"isPartOf\":{\"@id\":\"https:\/\/feuillederable.com\/#website\"},\"datePublished\":\"2020-05-19T14:04:52+00:00\",\"dateModified\":\"2020-06-30T13:13:10+00:00\",\"description\":\"Be part of the Feuille d'\u00c9rable coalmen team at Ste-Christine d'Auvergne. Training offered on site. Several positions available.\",\"breadcrumb\":{\"@id\":\"https:\/\/feuillederable.com\/emplois\/#breadcrumb\"},\"inLanguage\":\"en-US\",\"potentialAction\":[{\"@type\":\"ReadAction\",\"target\":[\"https:\/\/feuillederable.com\/emplois\/\"]}]},{\"@type\":\"BreadcrumbList\",\"@id\":\"https:\/\/feuillederable.com\/emplois\/#breadcrumb\",\"itemListElement\":[{\"@type\":\"ListItem\",\"position\":1,\"name\":\"Accueil\",\"item\":\"https:\/\/feuillederable.com\/en\/\"},{\"@type\":\"ListItem\",\"position\":2,\"name\":\"Careers\"}]},{\"@type\":\"WebSite\",\"@id\":\"https:\/\/feuillederable.com\/#website\",\"url\":\"https:\/\/feuillederable.com\/\",\"name\":\"Feuille d&#039;\u00c9rable Charbonnerie Ancestrale\",\"description\":\"\",\"potentialAction\":[{\"@type\":\"SearchAction\",\"target\":{\"@type\":\"EntryPoint\",\"urlTemplate\":\"https:\/\/feuillederable.com\/?s={search_term_string}\"},\"query-input\":{\"@type\":\"PropertyValueSpecification\",\"valueRequired\":true,\"valueName\":\"search_term_string\"}}],\"inLanguage\":\"en-US\"}]}<\/script>\n<!-- \/ Yoast SEO plugin. -->","yoast_head_json":{"title":"Careers - Feuille d&#039;\u00c9rable Charbonnerie Ancestrale","description":"Be part of the Feuille d'\u00c9rable coalmen team at Ste-Christine d'Auvergne. Training offered on site. Several positions available.","robots":{"index":"index","follow":"follow","max-snippet":"max-snippet:-1","max-image-preview":"max-image-preview:large","max-video-preview":"max-video-preview:-1"},"canonical":"https:\/\/feuillederable.com\/emplois\/","og_locale":"en_US","og_type":"article","og_title":"Careers - Feuille d&#039;\u00c9rable Charbonnerie Ancestrale","og_description":"Be part of the Feuille d'\u00c9rable coalmen team at Ste-Christine d'Auvergne. Training offered on site. Several positions available.","og_url":"https:\/\/feuillederable.com\/emplois\/","og_site_name":"Feuille d&#039;\u00c9rable Charbonnerie Ancestrale","article_modified_time":"2020-06-30T13:13:10+00:00","twitter_card":"summary_large_image","twitter_misc":{"Est. reading time":"7 minutes"},"schema":{"@context":"https:\/\/schema.org","@graph":[{"@type":"WebPage","@id":"https:\/\/feuillederable.com\/emplois\/","url":"https:\/\/feuillederable.com\/emplois\/","name":"Careers - Feuille d&#039;\u00c9rable Charbonnerie Ancestrale","isPartOf":{"@id":"https:\/\/feuillederable.com\/#website"},"datePublished":"2020-05-19T14:04:52+00:00","dateModified":"2020-06-30T13:13:10+00:00","description":"Be part of the Feuille d'\u00c9rable coalmen team at Ste-Christine d'Auvergne. Training offered on site. Several positions available.","breadcrumb":{"@id":"https:\/\/feuillederable.com\/emplois\/#breadcrumb"},"inLanguage":"en-US","potentialAction":[{"@type":"ReadAction","target":["https:\/\/feuillederable.com\/emplois\/"]}]},{"@type":"BreadcrumbList","@id":"https:\/\/feuillederable.com\/emplois\/#breadcrumb","itemListElement":[{"@type":"ListItem","position":1,"name":"Accueil","item":"https:\/\/feuillederable.com\/en\/"},{"@type":"ListItem","position":2,"name":"Careers"}]},{"@type":"WebSite","@id":"https:\/\/feuillederable.com\/#website","url":"https:\/\/feuillederable.com\/","name":"Feuille d&#039;\u00c9rable Charbonnerie Ancestrale","description":"","potentialAction":[{"@type":"SearchAction","target":{"@type":"EntryPoint","urlTemplate":"https:\/\/feuillederable.com\/?s={search_term_string}"},"query-input":{"@type":"PropertyValueSpecification","valueRequired":true,"valueName":"search_term_string"}}],"inLanguage":"en-US"}]}},"_links":{"self":[{"href":"https:\/\/feuillederable.com\/en\/wp-json\/wp\/v2\/pages\/1253","targetHints":{"allow":["GET"]}}],"collection":[{"href":"https:\/\/feuillederable.com\/en\/wp-json\/wp\/v2\/pages"}],"about":[{"href":"https:\/\/feuillederable.com\/en\/wp-json\/wp\/v2\/types\/page"}],"author":[{"embeddable":true,"href":"https:\/\/feuillederable.com\/en\/wp-json\/wp\/v2\/users\/5"}],"replies":[{"embeddable":true,"href":"https:\/\/feuillederable.com\/en\/wp-json\/wp\/v2\/comments?post=1253"}],"version-history":[{"count":11,"href":"https:\/\/feuillederable.com\/en\/wp-json\/wp\/v2\/pages\/1253\/revisions"}],"predecessor-version":[{"id":2194,"href":"https:\/\/feuillederable.com\/en\/wp-json\/wp\/v2\/pages\/1253\/revisions\/2194"}],"wp:attachment":[{"href":"https:\/\/feuillederable.com\/en\/wp-json\/wp\/v2\/media?parent=1253"}],"curies":[{"name":"wp","href":"https:\/\/api.w.org\/{rel}","templated":true}]}}